{"id":79,"date":"2022-01-06T00:04:25","date_gmt":"2022-01-05T21:04:25","guid":{"rendered":"http:\/\/gkoart.com\/?post_type=product&#038;p=79"},"modified":"2022-02-17T21:16:10","modified_gmt":"2022-02-17T18:16:10","slug":"zumrutu-anka","status":"publish","type":"product","link":"https:\/\/gkoart.com\/?product=zumrutu-anka","title":{"rendered":"Z\u00fcmr\u00fct&#8217;\u00fc Anka"},"content":{"rendered":"","protected":false},"excerpt":{"rendered":"<p><span style=\"color: #ffffff;\">Z\u00dcMR\u00dcT\u2019\u00dc ANKA<\/span><br \/>\n<span style=\"color: #ffffff;\">Do\u011fum, ya\u015fam ve \u00f6l\u00fcm \u00fc\u00e7geninde<\/span><br \/>\n<span style=\"color: #ffffff;\">sonsuz umuttur z\u00fcmr\u00fcd\u2019\u00fc anka.<\/span><br \/>\n<span style=\"color: #ffffff;\">G\u00fczel umutlarla bak AN\u2019a<\/span><br \/>\n<span style=\"color: #ffffff;\">120 x 120 cm T.\u00dc.Y.B.<\/span><\/p>\n","protected":false},"featured_media":48,"comment_status":"open","ping_status":"closed","template":"","meta":{"neve_meta_sidebar":"","neve_meta_container":"","neve_meta_enable_content_width":"off","neve_meta_content_width":100,"neve_meta_title_alignment":"","neve_meta_author_avatar":"","neve_post_elements_order":"","neve_meta_disable_header":"","neve_meta_disable_footer":"","neve_meta_disable_title":"","_ti_tpc_template_sync":false,"_ti_tpc_template_id":""},"product_cat":[19],"product_tag":[],"_links":{"self":[{"href":"https:\/\/gkoart.com\/index.php?rest_route=\/wp\/v2\/product\/79"}],"collection":[{"href":"https:\/\/gkoart.com\/index.php?rest_route=\/wp\/v2\/product"}],"about":[{"href":"https:\/\/gkoart.com\/index.php?rest_route=\/wp\/v2\/types\/product"}],"replies":[{"embeddable":true,"href":"https:\/\/gkoart.com\/index.php?rest_route=%2Fwp%2Fv2%2Fcomments&post=79"}],"wp:featuredmedia":[{"embeddable":true,"href":"https:\/\/gkoart.com\/index.php?rest_route=\/wp\/v2\/media\/48"}],"wp:attachment":[{"href":"https:\/\/gkoart.com\/index.php?rest_route=%2Fwp%2Fv2%2Fmedia&parent=79"}],"wp:term":[{"taxonomy":"product_cat","embeddable":true,"href":"https:\/\/gkoart.com\/index.php?rest_route=%2Fwp%2Fv2%2Fproduct_cat&post=79"},{"taxonomy":"product_tag","embeddable":true,"href":"https:\/\/gkoart.com\/index.php?rest_route=%2Fwp%2Fv2%2Fproduct_tag&post=79"}],"curies":[{"name":"wp","href":"https:\/\/api.w.org\/{rel}","templated":true}]}}